{"id":96,"date":"2022-02-10T11:31:28","date_gmt":"2022-02-10T11:31:28","guid":{"rendered":"https:\/\/angelgigolo.com\/contact\/"},"modified":"2026-04-30T09:40:45","modified_gmt":"2026-04-30T09:40:45","slug":"contact","status":"publish","type":"page","link":"https:\/\/angelgigolo.com\/en\/contact\/","title":{"rendered":"Contact"},"content":{"rendered":"<section class=\"l-section wpb_row height_medium full_height valign_center color_primary with_img parallax_ver with_shape\"><div class=\"l-section-img\" role=\"img\" aria-label=\"Image\" data-img-width=\"800\" data-img-height=\"1200\" style=\"background-image: url(https:\/\/angelgigolo.com\/wp-content\/uploads\/2026\/04\/2026-04-17-14-04-15-339.jpg);background-size: contain;\"><\/div><div class=\"l-section-overlay\" style=\"background:rgba(0,0,0,0.45)\"><\/div><div class=\"l-section-shape type_tilt pos_bottom\" style=\"height:15vmin;color:#333333\"><svg xmlns=\"http:\/\/www.w3.org\/2000\/svg\" viewBox=\"0 0 64 8\" preserveAspectRatio=\"none\" width=\"100%\" height=\"100%\">\r\n\t<path fill=\"currentColor\" d=\"M64 7.9 L64 10 L0 10 L0 0 Z\"\/>\r\n<\/svg><\/div><div class=\"l-section-h i-cf\"><div class=\"g-cols vc_row via_grid cols_1 laptops-cols_inherit tablets-cols_inherit mobiles-cols_1 valign_middle type_default stacking_default\"><div class=\"wpb_column vc_column_container us_custom_68469474 us_animate_this\"><div class=\"vc_column-inner\"><div class=\"wpb_text_column\"><div class=\"wpb_wrapper\"><h1 id=\"myModalLabel\" class=\"modal-title\" style=\"text-align: center;\"><strong>Contact<\/strong> me<\/h1>\n<\/div><\/div><div class=\"w-separator size_custom with_line width_default thick_1 style_solid color_border align_center\" style=\"height:50px\" id=\"pfc0\"><style><\/style><div class=\"w-separator-h\"><\/div><\/div><div class=\"wpb_text_column\"><div class=\"wpb_wrapper\"><h4 style=\"text-align: center;\"><strong>Book the date of your dreams<\/strong>. You will enjoy a unique experience, safe and with total privacy.<\/h4>\n<\/div><\/div><\/div><\/div><\/div><\/div><\/section><section class=\"l-section wpb_row height_medium color_primary\"><div class=\"l-section-overlay\" style=\"background:#333333\"><\/div><div class=\"l-section-h i-cf\"><div class=\"g-cols vc_row via_grid cols_1 laptops-cols_inherit tablets-cols_inherit mobiles-cols_1 valign_middle type_default stacking_default\"><div class=\"wpb_column vc_column_container us_custom_a518f36e us_animate_this\"><div class=\"vc_column-inner\"><div class=\"w-separator size_custom\" style=\"height:50px\" id=\"w889\"><style>@media(max-width:1024px){ #w889{height:20px!important}}@media(max-width:600px){ #w889{height:20px!important}}<\/style><\/div><div class=\"wpb_text_column us_custom_7a50604f\"><div class=\"wpb_wrapper\"><p style=\"text-align: center;\"><b>Contact &amp; Reservations<\/b><\/p>\n<p style=\"text-align: center;\"><span style=\"font-weight: 400;\">To make an appointment, please let me know at least <strong>1 hour and a half in advance<\/strong>. <\/span><\/p>\n<p style=\"text-align: center;\"><span style=\"font-weight: 400;\"><strong>For departures outside Barcelona<\/strong> I ask for a 50% deposit, a minimum of 2 hours and transportation is charged separately (depending on the area).<\/span><\/p>\n<p style=\"text-align: center;\"><span style=\"font-weight: 400;\">If you want to contact me for any questions or to make a reservation, do not hesitate to write me a<\/span> <b>WhatsApp or fill out the contact form<\/b>.<\/p>\n<\/div><\/div><div class=\"w-separator size_custom with_line width_default thick_1 style_solid color_border align_center\" style=\"height:50px\" id=\"zc70\"><style><\/style><div class=\"w-separator-h\"><\/div><\/div><div class=\"wpb_text_column us_custom_b3800ec6\"><div class=\"wpb_wrapper\"><p style=\"text-align: center;\"><strong>+34 664 72 60 33<br \/>\nangel.vipgentleman@gmail.com<\/strong><\/p>\n<\/div><\/div><div class=\"w-separator size_custom\" style=\"height:50px\" id=\"rf21\"><style><\/style><\/div><div class=\"wpb_text_column us_custom_7a50604f\"><div class=\"wpb_wrapper\"><p style=\"text-align: center;\"><strong>Schedule<\/strong><\/p>\n<p style=\"text-align: center;\">Monday to Sunday: 10:00 to 00:00 (Subject to availability)<\/p>\n<\/div><\/div><div class=\"w-separator size_custom\" style=\"height:50px\" id=\"z2f0\"><style><\/style><\/div><div class=\"g-cols wpb_row via_grid cols_1-2-1 laptops-cols_inherit tablets-cols_inherit mobiles-cols_1 valign_top type_default stacking_default\" style=\"--columns-gap:3rem;\"><div class=\"wpb_column vc_column_container\"><div class=\"vc_column-inner\"><\/div><\/div><div class=\"wpb_column vc_column_container\"><div class=\"vc_column-inner\"><form class=\"w-form  us-field-style_1 layout_ver show_message_after_sending for_cform us_form_1\" action=\"https:\/\/angelgigolo.com\/en\/wp-json\/wp\/v2\/pages\/96\" method=\"post\"><div class=\"w-form-h\"><div class=\"w-form-row for_text required\">\r\n\t\t<div class=\"w-form-row-field\">\r\n\t\t\t\t\t\t<input aria-label=\"Nombre\" type=\"text\" name=\"us_form_1_text_1\" value placeholder=\"Nombre *\" data-required=\"true\" aria-required=\"true\"\/>\r\n\t\t\t<\/div>\r\n\t\t<div class=\"w-form-row-state\">Fill out this field<\/div>\r\n<\/div>\r\n<div class=\"w-form-row for_text required\">\r\n\t\t<div class=\"w-form-row-field\">\r\n\t\t\t\t\t\t<input aria-label=\"Tel\u00e9fono\" inputmode=\"tel\" type=\"text\" name=\"us_form_1_text_2\" value placeholder=\"Tel\u00e9fono *\" data-required=\"true\" aria-required=\"true\"\/>\r\n\t\t\t<\/div>\r\n\t\t<div class=\"w-form-row-state\">Fill out this field<\/div>\r\n<\/div>\r\n<div class=\"w-form-row for_email required\">\r\n\t\t<div class=\"w-form-row-field\">\r\n\t\t\t\t\t\t<input aria-label=\"Correo electr\u00f3nico\" type=\"email\" name=\"us_form_1_email_1\" value placeholder=\"Correo electr\u00f3nico *\" data-required=\"true\" aria-required=\"true\"\/>\r\n\t\t\t<\/div>\r\n\t\t<div class=\"w-form-row-state\">Please enter a valid email address.<\/div>\r\n<\/div>\r\n<div class=\"w-form-row for_textarea required\">\r\n\t\t<div class=\"w-form-row-field\">\r\n\t\t\t\t\t\t<textarea aria-label=\"Texto\" name=\"us_form_1_textarea_1\" placeholder=\"Texto *\" data-required=\"true\" aria-required=\"true\"><\/textarea>\r\n\t\t\t<\/div>\r\n\t\t<div class=\"w-form-row-state\">Fill out this field<\/div>\r\n<\/div>\r\n<input type=\"hidden\" name=\"action\" value=\"us_ajax_cform\" \/>\r\n<input type=\"hidden\" name=\"post_id\" value=\"0\" \/>\r\n<input type=\"hidden\" name=\"form_index\" value=\"1\" \/>\r\n<div class=\"w-form-row for_submit align_none\"><button class=\"w-btn us-btn-style_1\" type=\"submit\" aria-label=\"Submit\"><span class=\"g-preloader type_1\"><\/span><span class=\"w-btn-label\">Submit<\/span><\/button><\/div><\/div><div class=\"w-form-message\"><\/div><div class=\"w-form-json hidden\" onclick='return {&quot;ajaxurl&quot;:&quot;https:\\\/\\\/angelgigolo.com\\\/wp-admin\\\/admin-ajax.php&quot;,&quot;messages&quot;:{&quot;err_empty&quot;:&quot;Fill out this field&quot;,&quot;err_size&quot;:&quot;File size cannot exceed %s MB&quot;,&quot;err_extension&quot;:&quot;%s file type is not allowed&quot;,&quot;err_recaptcha_keys&quot;:&quot;reCAPTCHA keys are incorrect&quot;}}'><\/div><\/form><\/div><\/div><div class=\"wpb_column vc_column_container\"><div class=\"vc_column-inner\"><\/div><\/div><\/div><div class=\"w-separator size_custom\" style=\"height:50px\" id=\"n546\"><style><\/style><\/div><\/div><\/div><\/div><\/div><\/section>\n","protected":false},"excerpt":{"rendered":"Contact me Book the date of your dreams. You will enjoy a unique experience, safe and with total privacy. Contact &amp; Reservations To make an appointment, please let me know at least 1 hour and a half in advance. For departures outside Barcelona I ask for a 50% deposit, a minimum of 2 hours and...","protected":false},"author":1,"featured_media":0,"parent":0,"menu_order":0,"comment_status":"closed","ping_status":"closed","template":"","meta":{"_monsterinsights_skip_tracking":false,"_monsterinsights_sitenote_active":false,"_monsterinsights_sitenote_note":"","_monsterinsights_sitenote_category":0,"_joinchat":[],"footnotes":""},"class_list":["post-96","page","type-page","status-publish","hentry"],"yoast_head":"<!-- This site is optimized with the Yoast SEO plugin v27.5 - https:\/\/yoast.com\/product\/yoast-seo-wordpress\/ -->\n<title>Contact me, you will enjoy a unique and safe experience.<\/title>\n<meta name=\"description\" content=\"Book the date of your dreams. You will enjoy a unique experience, safe and with total privacy. Contact me.\" \/>\n<meta name=\"robots\" content=\"index, follow, max-snippet:-1, max-image-preview:large, max-video-preview:-1\" \/>\n<link rel=\"canonical\" href=\"https:\/\/angelgigolo.com\/en\/contact\/\" \/>\n<meta property=\"og:locale\" content=\"en_US\" \/>\n<meta property=\"og:type\" content=\"article\" \/>\n<meta property=\"og:title\" content=\"Contact me, you will enjoy a unique and safe experience.\" \/>\n<meta property=\"og:description\" content=\"Book the date of your dreams. You will enjoy a unique experience, safe and with total privacy. Contact me.\" \/>\n<meta property=\"og:url\" content=\"https:\/\/angelgigolo.com\/en\/contact\/\" \/>\n<meta property=\"og:site_name\" content=\"AngelGigolo.com\" \/>\n<meta property=\"article:modified_time\" content=\"2026-04-30T09:40:45+00:00\" \/>\n<meta name=\"twitter:card\" content=\"summary_large_image\" \/>\n<meta name=\"twitter:label1\" content=\"Est. reading time\" \/>\n\t<meta name=\"twitter:data1\" content=\"1 minute\" \/>\n<script type=\"application\/ld+json\" class=\"yoast-schema-graph\">{\"@context\":\"https:\\\/\\\/schema.org\",\"@graph\":[{\"@type\":\"WebPage\",\"@id\":\"https:\\\/\\\/angelgigolo.com\\\/en\\\/contact\\\/\",\"url\":\"https:\\\/\\\/angelgigolo.com\\\/en\\\/contact\\\/\",\"name\":\"Contact me, you will enjoy a unique and safe experience.\",\"isPartOf\":{\"@id\":\"https:\\\/\\\/angelgigolo.com\\\/#website\"},\"datePublished\":\"2022-02-10T11:31:28+00:00\",\"dateModified\":\"2026-04-30T09:40:45+00:00\",\"description\":\"Book the date of your dreams. You will enjoy a unique experience, safe and with total privacy. Contact me.\",\"breadcrumb\":{\"@id\":\"https:\\\/\\\/angelgigolo.com\\\/en\\\/contact\\\/#breadcrumb\"},\"inLanguage\":\"en-US\",\"potentialAction\":[{\"@type\":\"ReadAction\",\"target\":[\"https:\\\/\\\/angelgigolo.com\\\/en\\\/contact\\\/\"]}]},{\"@type\":\"BreadcrumbList\",\"@id\":\"https:\\\/\\\/angelgigolo.com\\\/en\\\/contact\\\/#breadcrumb\",\"itemListElement\":[{\"@type\":\"ListItem\",\"position\":1,\"name\":\"Chicos de compa\u00f1ia barcelona\",\"item\":\"https:\\\/\\\/angelgigolo.com\\\/\"},{\"@type\":\"ListItem\",\"position\":2,\"name\":\"Contact\"}]},{\"@type\":\"WebSite\",\"@id\":\"https:\\\/\\\/angelgigolo.com\\\/#website\",\"url\":\"https:\\\/\\\/angelgigolo.com\\\/\",\"name\":\"Angel Gigolo\",\"description\":\"\u00c1ngel Gigolo y chico de compa\u00f1ia\",\"publisher\":{\"@id\":\"https:\\\/\\\/angelgigolo.com\\\/#\\\/schema\\\/person\\\/9df1db91f9fa23e1b830535ff8019cb4\"},\"alternateName\":\"Gigolo Barcelona\",\"potentialAction\":[{\"@type\":\"SearchAction\",\"target\":{\"@type\":\"EntryPoint\",\"urlTemplate\":\"https:\\\/\\\/angelgigolo.com\\\/?s={search_term_string}\"},\"query-input\":{\"@type\":\"PropertyValueSpecification\",\"valueRequired\":true,\"valueName\":\"search_term_string\"}}],\"inLanguage\":\"en-US\"},{\"@type\":[\"Person\",\"Organization\"],\"@id\":\"https:\\\/\\\/angelgigolo.com\\\/#\\\/schema\\\/person\\\/9df1db91f9fa23e1b830535ff8019cb4\",\"name\":\"angel\",\"image\":{\"@type\":\"ImageObject\",\"inLanguage\":\"en-US\",\"@id\":\"https:\\\/\\\/angelgigolo.com\\\/wp-content\\\/uploads\\\/2022\\\/05\\\/favicon.jpg\",\"url\":\"https:\\\/\\\/angelgigolo.com\\\/wp-content\\\/uploads\\\/2022\\\/05\\\/favicon.jpg\",\"contentUrl\":\"https:\\\/\\\/angelgigolo.com\\\/wp-content\\\/uploads\\\/2022\\\/05\\\/favicon.jpg\",\"width\":829,\"height\":817,\"caption\":\"angel\"},\"logo\":{\"@id\":\"https:\\\/\\\/angelgigolo.com\\\/wp-content\\\/uploads\\\/2022\\\/05\\\/favicon.jpg\"},\"description\":\"Gigol\u00f3 y chico de compa\u00f1ia en Barcelona y otras ciudades de Espa\u00f1a\"}]}<\/script>\n<!-- \/ Yoast SEO plugin. -->","yoast_head_json":{"title":"Contact me, you will enjoy a unique and safe experience.","description":"Book the date of your dreams. You will enjoy a unique experience, safe and with total privacy. Contact me.","robots":{"index":"index","follow":"follow","max-snippet":"max-snippet:-1","max-image-preview":"max-image-preview:large","max-video-preview":"max-video-preview:-1"},"canonical":"https:\/\/angelgigolo.com\/en\/contact\/","og_locale":"en_US","og_type":"article","og_title":"Contact me, you will enjoy a unique and safe experience.","og_description":"Book the date of your dreams. You will enjoy a unique experience, safe and with total privacy. Contact me.","og_url":"https:\/\/angelgigolo.com\/en\/contact\/","og_site_name":"AngelGigolo.com","article_modified_time":"2026-04-30T09:40:45+00:00","twitter_card":"summary_large_image","twitter_misc":{"Est. reading time":"1 minute"},"schema":{"@context":"https:\/\/schema.org","@graph":[{"@type":"WebPage","@id":"https:\/\/angelgigolo.com\/en\/contact\/","url":"https:\/\/angelgigolo.com\/en\/contact\/","name":"Contact me, you will enjoy a unique and safe experience.","isPartOf":{"@id":"https:\/\/angelgigolo.com\/#website"},"datePublished":"2022-02-10T11:31:28+00:00","dateModified":"2026-04-30T09:40:45+00:00","description":"Book the date of your dreams. You will enjoy a unique experience, safe and with total privacy. Contact me.","breadcrumb":{"@id":"https:\/\/angelgigolo.com\/en\/contact\/#breadcrumb"},"inLanguage":"en-US","potentialAction":[{"@type":"ReadAction","target":["https:\/\/angelgigolo.com\/en\/contact\/"]}]},{"@type":"BreadcrumbList","@id":"https:\/\/angelgigolo.com\/en\/contact\/#breadcrumb","itemListElement":[{"@type":"ListItem","position":1,"name":"Chicos de compa\u00f1ia barcelona","item":"https:\/\/angelgigolo.com\/"},{"@type":"ListItem","position":2,"name":"Contact"}]},{"@type":"WebSite","@id":"https:\/\/angelgigolo.com\/#website","url":"https:\/\/angelgigolo.com\/","name":"Angel Gigolo","description":"\u00c1ngel Gigolo y chico de compa\u00f1ia","publisher":{"@id":"https:\/\/angelgigolo.com\/#\/schema\/person\/9df1db91f9fa23e1b830535ff8019cb4"},"alternateName":"Gigolo Barcelona","potentialAction":[{"@type":"SearchAction","target":{"@type":"EntryPoint","urlTemplate":"https:\/\/angelgigolo.com\/?s={search_term_string}"},"query-input":{"@type":"PropertyValueSpecification","valueRequired":true,"valueName":"search_term_string"}}],"inLanguage":"en-US"},{"@type":["Person","Organization"],"@id":"https:\/\/angelgigolo.com\/#\/schema\/person\/9df1db91f9fa23e1b830535ff8019cb4","name":"angel","image":{"@type":"ImageObject","inLanguage":"en-US","@id":"https:\/\/angelgigolo.com\/wp-content\/uploads\/2022\/05\/favicon.jpg","url":"https:\/\/angelgigolo.com\/wp-content\/uploads\/2022\/05\/favicon.jpg","contentUrl":"https:\/\/angelgigolo.com\/wp-content\/uploads\/2022\/05\/favicon.jpg","width":829,"height":817,"caption":"angel"},"logo":{"@id":"https:\/\/angelgigolo.com\/wp-content\/uploads\/2022\/05\/favicon.jpg"},"description":"Gigol\u00f3 y chico de compa\u00f1ia en Barcelona y otras ciudades de Espa\u00f1a"}]}},"_links":{"self":[{"href":"https:\/\/angelgigolo.com\/en\/wp-json\/wp\/v2\/pages\/96","targetHints":{"allow":["GET"]}}],"collection":[{"href":"https:\/\/angelgigolo.com\/en\/wp-json\/wp\/v2\/pages"}],"about":[{"href":"https:\/\/angelgigolo.com\/en\/wp-json\/wp\/v2\/types\/page"}],"author":[{"embeddable":true,"href":"https:\/\/angelgigolo.com\/en\/wp-json\/wp\/v2\/users\/1"}],"replies":[{"embeddable":true,"href":"https:\/\/angelgigolo.com\/en\/wp-json\/wp\/v2\/comments?post=96"}],"version-history":[{"count":4,"href":"https:\/\/angelgigolo.com\/en\/wp-json\/wp\/v2\/pages\/96\/revisions"}],"predecessor-version":[{"id":1303,"href":"https:\/\/angelgigolo.com\/en\/wp-json\/wp\/v2\/pages\/96\/revisions\/1303"}],"wp:attachment":[{"href":"https:\/\/angelgigolo.com\/en\/wp-json\/wp\/v2\/media?parent=96"}],"curies":[{"name":"wp","href":"https:\/\/api.w.org\/{rel}","templated":true}]}}